{"id":914,"date":"2024-03-01T17:07:49","date_gmt":"2024-03-01T17:07:49","guid":{"rendered":"https:\/\/nathaliecloutier.ca\/?page_id=914"},"modified":"2024-03-07T18:59:12","modified_gmt":"2024-03-07T18:59:12","slug":"lescarnetsdecharlevoix","status":"publish","type":"page","link":"https:\/\/nathaliecloutier.ca\/?page_id=914","title":{"rendered":"Les carnets de Charlevoix"},"content":{"rendered":"<p>[et_pb_section fb_built=&#8221;1&#8243; _builder_version=&#8221;4.24.0&#8243; _module_preset=&#8221;default&#8221; global_colors_info=&#8221;{}&#8221;][et_pb_row _builder_version=&#8221;4.24.0&#8243; _module_preset=&#8221;default&#8221; global_colors_info=&#8221;{}&#8221;][et_pb_column type=&#8221;4_4&#8243; _builder_version=&#8221;4.24.0&#8243; _module_preset=&#8221;default&#8221; global_colors_info=&#8221;{}&#8221;][et_pb_text _builder_version=&#8221;4.24.2&#8243; _module_preset=&#8221;default&#8221; text_font=&#8221;|700|||||||&#8221; text_font_size=&#8221;21px&#8221; text_letter_spacing=&#8221;2px&#8221; header_line_height=&#8221;1.3em&#8221; transform_scale=&#8221;101%|101%&#8221; transform_origin=&#8221;49%|50%&#8221; custom_margin=&#8221;0px|6px|-4px|5px|false|false&#8221; custom_padding=&#8221;4px||4px|0px|false|false&#8221; border_width_all=&#8221;2px&#8221; border_color_all=&#8221;#000000&#8243; box_shadow_style=&#8221;preset6&#8243; box_shadow_horizontal=&#8221;1px&#8221; box_shadow_blur=&#8221;9px&#8221; global_colors_info=&#8221;{}&#8221;]<\/p>\n<p style=\"text-align: center;\">Carnets de Charlevoix<\/p>\n<p>[\/et_pb_text][\/et_pb_column][\/et_pb_row][et_pb_row _builder_version=&#8221;4.24.2&#8243; _module_preset=&#8221;default&#8221;][et_pb_column _builder_version=&#8221;4.24.2&#8243; _module_preset=&#8221;default&#8221; type=&#8221;4_4&#8243;][et_pb_text _builder_version=&#8221;4.24.2&#8243; _module_preset=&#8221;default&#8221; hover_enabled=&#8221;0&#8243; sticky_enabled=&#8221;0&#8243; custom_margin=&#8221;-34px|0px|0px|1px|false|false&#8221; custom_padding=&#8221;|5px|5px|0px|false|false&#8221;]<\/p>\n<p><em>Carnets de Charlevoix<\/em> est avant tout une histoire de rencontres avec les paysages et la richesse culturelle uniques de la r\u00e9gion allant de Baie Saint-Paul \u00e0 la Malbaie. Les deux artistes se sont notamment arr\u00eat\u00e9es dans des lieux tels que le <em>Domaine Forget<\/em> qui accueille depuis des d\u00e9cennies des musiciens en devenir ou encore au <em>Symposium de Baie St-Paul<\/em>, institution artistique cr\u00e9\u00e9e il y a 42 ans. Le r\u00e9cit est construit selon le mod\u00e8le litt\u00e9raire du carnet de voyage. Cathy Beauvallet dessine sur le vif les lieux et les personnes tandis que Nathalie Cloutier \u00e9crit l\u2019histoire et rend compte des entretiens qu\u2019elle recueille au fil des rencontres.<\/p>\n<p>Le livre est vendu au co\u00fbt de 25 dollars en contactant Nathalie Cloutier.<\/p>\n<p>Le site de Cathy Beauvallet: <a href=\"https:\/\/www.cathybeauvallet.com\/\" target=\"_blank\" rel=\"noopener\">https:\/\/www.cathybeauvallet.com\/<\/a><\/p>\n<p>[\/et_pb_text][\/et_pb_column][\/et_pb_row][et_pb_row _builder_version=&#8221;4.24.0&#8243; _module_preset=&#8221;default&#8221; custom_margin=&#8221;-45px||3px||false|false&#8221; global_colors_info=&#8221;{}&#8221;][et_pb_column type=&#8221;4_4&#8243; _builder_version=&#8221;4.24.0&#8243; _module_preset=&#8221;default&#8221; global_colors_info=&#8221;{}&#8221;][et_pb_image src=&#8221;https:\/\/nathaliecloutier.ca\/wp-content\/uploads\/2024\/03\/edition-6-sur-10.jpg&#8221; title_text=&#8221;edition (6 sur 10)&#8221; _builder_version=&#8221;4.24.2&#8243; _module_preset=&#8221;default&#8221; hover_enabled=&#8221;0&#8243; border_width_all=&#8221;2px&#8221; border_color_all=&#8221;#000000&#8243; box_shadow_style=&#8221;preset6&#8243; global_colors_info=&#8221;{}&#8221; sticky_enabled=&#8221;0&#8243;][\/et_pb_image][\/et_pb_column][\/et_pb_row][et_pb_row _builder_version=&#8221;4.24.0&#8243; _module_preset=&#8221;default&#8221; custom_margin=&#8221;-45px||3px||false|false&#8221; global_colors_info=&#8221;{}&#8221;][et_pb_column type=&#8221;4_4&#8243; _builder_version=&#8221;4.24.0&#8243; _module_preset=&#8221;default&#8221; global_colors_info=&#8221;{}&#8221;][et_pb_image src=&#8221;https:\/\/nathaliecloutier.ca\/wp-content\/uploads\/2024\/03\/edition-11-sur-10.jpg&#8221; title_text=&#8221;edition (11 sur 10)&#8221; _builder_version=&#8221;4.24.2&#8243; _module_preset=&#8221;default&#8221; hover_enabled=&#8221;0&#8243; border_width_all=&#8221;2px&#8221; border_color_all=&#8221;#000000&#8243; box_shadow_style=&#8221;preset6&#8243; global_colors_info=&#8221;{}&#8221; sticky_enabled=&#8221;0&#8243;][\/et_pb_image][\/et_pb_column][\/et_pb_row][et_pb_row _builder_version=&#8221;4.24.0&#8243; _module_preset=&#8221;default&#8221; custom_margin=&#8221;-45px||3px||false|false&#8221; global_colors_info=&#8221;{}&#8221;][et_pb_column type=&#8221;4_4&#8243; _builder_version=&#8221;4.24.0&#8243; _module_preset=&#8221;default&#8221; global_colors_info=&#8221;{}&#8221;][et_pb_image src=&#8221;https:\/\/nathaliecloutier.ca\/wp-content\/uploads\/2024\/03\/edition-8-sur-10.jpg&#8221; title_text=&#8221;edition (8 sur 10)&#8221; _builder_version=&#8221;4.24.2&#8243; _module_preset=&#8221;default&#8221; border_width_all=&#8221;2px&#8221; border_color_all=&#8221;#000000&#8243; box_shadow_style=&#8221;preset6&#8243; global_colors_info=&#8221;{}&#8221;][\/et_pb_image][\/et_pb_column][\/et_pb_row][et_pb_row _builder_version=&#8221;4.24.0&#8243; _module_preset=&#8221;default&#8221; custom_margin=&#8221;-45px||3px||false|false&#8221; global_colors_info=&#8221;{}&#8221;][et_pb_column type=&#8221;4_4&#8243; _builder_version=&#8221;4.24.0&#8243; _module_preset=&#8221;default&#8221; global_colors_info=&#8221;{}&#8221;][et_pb_image src=&#8221;https:\/\/nathaliecloutier.ca\/wp-content\/uploads\/2024\/03\/edition-10-sur-10.jpg&#8221; title_text=&#8221;edition (10 sur 10)&#8221; _builder_version=&#8221;4.24.2&#8243; _module_preset=&#8221;default&#8221; border_width_all=&#8221;2px&#8221; border_color_all=&#8221;#000000&#8243; box_shadow_style=&#8221;preset6&#8243; global_colors_info=&#8221;{}&#8221;][\/et_pb_image][\/et_pb_column][\/et_pb_row][et_pb_row _builder_version=&#8221;4.24.0&#8243; _module_preset=&#8221;default&#8221; custom_margin=&#8221;-45px||3px||false|false&#8221; global_colors_info=&#8221;{}&#8221;][et_pb_column type=&#8221;4_4&#8243; _builder_version=&#8221;4.24.0&#8243; _module_preset=&#8221;default&#8221; global_colors_info=&#8221;{}&#8221;][et_pb_image src=&#8221;https:\/\/nathaliecloutier.ca\/wp-content\/uploads\/2024\/03\/edition-9-sur-10.jpg&#8221; title_text=&#8221;edition (9 sur 10)&#8221; _builder_version=&#8221;4.24.2&#8243; _module_preset=&#8221;default&#8221; border_width_all=&#8221;2px&#8221; border_color_all=&#8221;#000000&#8243; box_shadow_style=&#8221;preset6&#8243; global_colors_info=&#8221;{}&#8221;][\/et_pb_image][\/et_pb_column][\/et_pb_row][\/et_pb_section]<\/p>\n","protected":false},"excerpt":{"rendered":"<p>Carnets de CharlevoixCarnets de Charlevoix est avant tout une histoire de rencontres avec les paysages et la richesse culturelle uniques de la r\u00e9gion allant de Baie Saint-Paul \u00e0 la Malbaie. Les deux artistes se sont notamment arr\u00eat\u00e9es dans des lieux tels que le Domaine Forget qui accueille depuis des d\u00e9cennies des musiciens en devenir ou [&hellip;]<\/p>\n","protected":false},"author":1,"featured_media":0,"parent":0,"menu_order":0,"comment_status":"closed","ping_status":"closed","template":"","meta":{"_et_pb_use_builder":"on","_et_pb_old_content":"","_et_gb_content_width":"","footnotes":""},"class_list":["post-914","page","type-page","status-publish","hentry"],"_links":{"self":[{"href":"https:\/\/nathaliecloutier.ca\/index.php?rest_route=\/wp\/v2\/pages\/914","targetHints":{"allow":["GET"]}}],"collection":[{"href":"https:\/\/nathaliecloutier.ca\/index.php?rest_route=\/wp\/v2\/pages"}],"about":[{"href":"https:\/\/nathaliecloutier.ca\/index.php?rest_route=\/wp\/v2\/types\/page"}],"author":[{"embeddable":true,"href":"https:\/\/nathaliecloutier.ca\/index.php?rest_route=\/wp\/v2\/users\/1"}],"replies":[{"embeddable":true,"href":"https:\/\/nathaliecloutier.ca\/index.php?rest_route=%2Fwp%2Fv2%2Fcomments&post=914"}],"version-history":[{"count":6,"href":"https:\/\/nathaliecloutier.ca\/index.php?rest_route=\/wp\/v2\/pages\/914\/revisions"}],"predecessor-version":[{"id":1003,"href":"https:\/\/nathaliecloutier.ca\/index.php?rest_route=\/wp\/v2\/pages\/914\/revisions\/1003"}],"wp:attachment":[{"href":"https:\/\/nathaliecloutier.ca\/index.php?rest_route=%2Fwp%2Fv2%2Fmedia&parent=914"}],"curies":[{"name":"wp","href":"https:\/\/api.w.org\/{rel}","templated":true}]}}