{"id":935,"date":"2024-03-01T18:23:48","date_gmt":"2024-03-01T18:23:48","guid":{"rendered":"https:\/\/nathaliecloutier.ca\/?page_id=935"},"modified":"2024-03-07T19:00:48","modified_gmt":"2024-03-07T19:00:48","slug":"nemunparcourscontemporain19892009","status":"publish","type":"page","link":"https:\/\/nathaliecloutier.ca\/?page_id=935","title":{"rendered":"NEM Un parcours contemporain 1989 2009"},"content":{"rendered":"<p>[et_pb_section fb_built=&#8221;1&#8243; _builder_version=&#8221;4.24.0&#8243; _module_preset=&#8221;default&#8221; global_colors_info=&#8221;{}&#8221;][et_pb_row _builder_version=&#8221;4.24.0&#8243; _module_preset=&#8221;default&#8221; global_colors_info=&#8221;{}&#8221;][et_pb_column type=&#8221;4_4&#8243; _builder_version=&#8221;4.24.0&#8243; _module_preset=&#8221;default&#8221; global_colors_info=&#8221;{}&#8221;][et_pb_text _builder_version=&#8221;4.24.2&#8243; _module_preset=&#8221;default&#8221; text_font=&#8221;|700|||||||&#8221; text_font_size=&#8221;21px&#8221; text_letter_spacing=&#8221;2px&#8221; header_line_height=&#8221;1.3em&#8221; transform_scale=&#8221;101%|101%&#8221; transform_origin=&#8221;49%|50%&#8221; custom_margin=&#8221;0px|6px|-4px|5px|false|false&#8221; custom_padding=&#8221;4px||4px|0px|false|false&#8221; border_width_all=&#8221;2px&#8221; border_color_all=&#8221;#000000&#8243; box_shadow_style=&#8221;preset6&#8243; box_shadow_horizontal=&#8221;1px&#8221; box_shadow_blur=&#8221;9px&#8221; global_colors_info=&#8221;{}&#8221;]<\/p>\n<p style=\"text-align: center;\">NEM un\u00a0 parcours contemporain 1989 2009<\/p>\n<p>[\/et_pb_text][\/et_pb_column][\/et_pb_row][et_pb_row _builder_version=&#8221;4.24.2&#8243; _module_preset=&#8221;default&#8221;][et_pb_column _builder_version=&#8221;4.24.2&#8243; _module_preset=&#8221;default&#8221; type=&#8221;4_4&#8243;][et_pb_text _builder_version=&#8221;4.24.2&#8243; _module_preset=&#8221;default&#8221; custom_margin=&#8221;-32px||7px||false|false&#8221; hover_enabled=&#8221;0&#8243; sticky_enabled=&#8221;0&#8243;]<\/p>\n<p><em>NEM Un parcours contemporain 1989 2009<\/em> est avant tout une rencontre entre trois artistes\u00a0: Lorraine Vaillancourt, chef d\u2019orchestre, pianiste et fondatrice du <em>Nouvel Ensemble Moderne<\/em>; Cathy Beauvallet, illustratrice sp\u00e9cialis\u00e9e en dessin de reportage; Nathalie Cloutier, artiste en arts visuels. Ce livre d\u2019artiste, \u00e9dit\u00e9 \u00e0 compte d\u2019auteur, raconte, avec des t\u00e9moignages, des dessins, des photographies et des peintures, le parcours des 20 ans du <em>NEM<\/em>. Le livre, \u00e0 tirage limit\u00e9 est \u00e9puis\u00e9.<\/p>\n<p>[\/et_pb_text][\/et_pb_column][\/et_pb_row][et_pb_row _builder_version=&#8221;4.24.0&#8243; _module_preset=&#8221;default&#8221; custom_margin=&#8221;-45px||3px||false|false&#8221; global_colors_info=&#8221;{}&#8221;][et_pb_column type=&#8221;4_4&#8243; _builder_version=&#8221;4.24.0&#8243; _module_preset=&#8221;default&#8221; global_colors_info=&#8221;{}&#8221;][et_pb_image src=&#8221;https:\/\/nathaliecloutier.ca\/wp-content\/uploads\/2024\/03\/COVER15_03_09.jpg&#8221; title_text=&#8221;COVER15_03_09&#8243; _builder_version=&#8221;4.24.2&#8243; _module_preset=&#8221;default&#8221; border_width_all=&#8221;2px&#8221; border_color_all=&#8221;#000000&#8243; box_shadow_style=&#8221;preset6&#8243; global_colors_info=&#8221;{}&#8221;][\/et_pb_image][\/et_pb_column][\/et_pb_row][et_pb_row _builder_version=&#8221;4.24.0&#8243; _module_preset=&#8221;default&#8221; custom_margin=&#8221;-45px||3px||false|false&#8221; global_colors_info=&#8221;{}&#8221;][et_pb_column type=&#8221;4_4&#8243; _builder_version=&#8221;4.24.0&#8243; _module_preset=&#8221;default&#8221; global_colors_info=&#8221;{}&#8221;][et_pb_image src=&#8221;https:\/\/nathaliecloutier.ca\/wp-content\/uploads\/2024\/03\/edition-5-sur-10.jpg&#8221; title_text=&#8221;edition (5 sur 10)&#8221; _builder_version=&#8221;4.24.2&#8243; _module_preset=&#8221;default&#8221; border_width_all=&#8221;2px&#8221; border_color_all=&#8221;#000000&#8243; box_shadow_style=&#8221;preset6&#8243; global_colors_info=&#8221;{}&#8221;][\/et_pb_image][\/et_pb_column][\/et_pb_row][et_pb_row _builder_version=&#8221;4.24.0&#8243; _module_preset=&#8221;default&#8221; custom_margin=&#8221;-45px||3px||false|false&#8221; global_colors_info=&#8221;{}&#8221;][et_pb_column type=&#8221;4_4&#8243; _builder_version=&#8221;4.24.0&#8243; _module_preset=&#8221;default&#8221; global_colors_info=&#8221;{}&#8221;][et_pb_image src=&#8221;https:\/\/nathaliecloutier.ca\/wp-content\/uploads\/2024\/03\/edition-4-sur-10.jpg&#8221; title_text=&#8221;edition (4 sur 10)&#8221; _builder_version=&#8221;4.24.2&#8243; _module_preset=&#8221;default&#8221; border_width_all=&#8221;2px&#8221; border_color_all=&#8221;#000000&#8243; box_shadow_style=&#8221;preset6&#8243; global_colors_info=&#8221;{}&#8221;][\/et_pb_image][\/et_pb_column][\/et_pb_row][et_pb_row _builder_version=&#8221;4.24.0&#8243; _module_preset=&#8221;default&#8221; custom_margin=&#8221;-45px||3px||false|false&#8221; global_colors_info=&#8221;{}&#8221;][et_pb_column type=&#8221;4_4&#8243; _builder_version=&#8221;4.24.0&#8243; _module_preset=&#8221;default&#8221; global_colors_info=&#8221;{}&#8221;][et_pb_image src=&#8221;https:\/\/nathaliecloutier.ca\/wp-content\/uploads\/2024\/03\/edition-2-sur-10.jpg&#8221; title_text=&#8221;edition (2 sur 10)&#8221; _builder_version=&#8221;4.24.2&#8243; _module_preset=&#8221;default&#8221; border_width_all=&#8221;2px&#8221; border_color_all=&#8221;#000000&#8243; box_shadow_style=&#8221;preset6&#8243; global_colors_info=&#8221;{}&#8221;][\/et_pb_image][\/et_pb_column][\/et_pb_row][et_pb_row _builder_version=&#8221;4.24.0&#8243; _module_preset=&#8221;default&#8221; custom_margin=&#8221;-45px||3px||false|false&#8221; global_colors_info=&#8221;{}&#8221;][et_pb_column type=&#8221;4_4&#8243; _builder_version=&#8221;4.24.0&#8243; _module_preset=&#8221;default&#8221; global_colors_info=&#8221;{}&#8221;][et_pb_image src=&#8221;https:\/\/nathaliecloutier.ca\/wp-content\/uploads\/2024\/03\/edition-3-sur-10.jpg&#8221; title_text=&#8221;edition (3 sur 10)&#8221; _builder_version=&#8221;4.24.2&#8243; _module_preset=&#8221;default&#8221; border_width_all=&#8221;2px&#8221; border_color_all=&#8221;#000000&#8243; box_shadow_style=&#8221;preset6&#8243; global_colors_info=&#8221;{}&#8221;][\/et_pb_image][\/et_pb_column][\/et_pb_row][\/et_pb_section]<\/p>\n","protected":false},"excerpt":{"rendered":"<p>NEM un\u00a0 parcours contemporain 1989 2009NEM Un parcours contemporain 1989 2009 est avant tout une rencontre entre trois artistes\u00a0: Lorraine Vaillancourt, chef d\u2019orchestre, pianiste et fondatrice du Nouvel Ensemble Moderne; Cathy Beauvallet, illustratrice sp\u00e9cialis\u00e9e en dessin de reportage; Nathalie Cloutier, artiste en arts visuels. Ce livre d\u2019artiste, \u00e9dit\u00e9 \u00e0 compte d\u2019auteur, raconte, avec des t\u00e9moignages, [&hellip;]<\/p>\n","protected":false},"author":1,"featured_media":0,"parent":0,"menu_order":0,"comment_status":"closed","ping_status":"closed","template":"","meta":{"_et_pb_use_builder":"on","_et_pb_old_content":"","_et_gb_content_width":"","footnotes":""},"class_list":["post-935","page","type-page","status-publish","hentry"],"_links":{"self":[{"href":"https:\/\/nathaliecloutier.ca\/index.php?rest_route=\/wp\/v2\/pages\/935","targetHints":{"allow":["GET"]}}],"collection":[{"href":"https:\/\/nathaliecloutier.ca\/index.php?rest_route=\/wp\/v2\/pages"}],"about":[{"href":"https:\/\/nathaliecloutier.ca\/index.php?rest_route=\/wp\/v2\/types\/page"}],"author":[{"embeddable":true,"href":"https:\/\/nathaliecloutier.ca\/index.php?rest_route=\/wp\/v2\/users\/1"}],"replies":[{"embeddable":true,"href":"https:\/\/nathaliecloutier.ca\/index.php?rest_route=%2Fwp%2Fv2%2Fcomments&post=935"}],"version-history":[{"count":4,"href":"https:\/\/nathaliecloutier.ca\/index.php?rest_route=\/wp\/v2\/pages\/935\/revisions"}],"predecessor-version":[{"id":1005,"href":"https:\/\/nathaliecloutier.ca\/index.php?rest_route=\/wp\/v2\/pages\/935\/revisions\/1005"}],"wp:attachment":[{"href":"https:\/\/nathaliecloutier.ca\/index.php?rest_route=%2Fwp%2Fv2%2Fmedia&parent=935"}],"curies":[{"name":"wp","href":"https:\/\/api.w.org\/{rel}","templated":true}]}}